{"id":7259,"date":"2018-06-18T09:12:32","date_gmt":"2018-06-18T09:12:32","guid":{"rendered":"http:\/\/icom.museum\/?page_id=7259"},"modified":"2019-03-14T14:29:50","modified_gmt":"2019-03-14T14:29:50","slug":"red-lists","status":"publish","type":"page","link":"https:\/\/icom.museum\/fr\/ressources\/red-lists\/","title":{"rendered":"Base de donn\u00e9es des Listes Rouges"},"content":{"rendered":"<p>La base de donn\u00e9es recense l\u2019ensemble des cat\u00e9gories de biens culturels \u00e0 risque illustr\u00e9s dans les Listes rouges de l\u2019ICOM. Pour en savoir plus sur les Listes rouges, vous pouvez consulter notre <a href=\"http:\/\/icom.museum\/fr\/activites\/protection-du-patrimoine\/listes-rouges-red-lists\/\">page d\u00e9di\u00e9e<\/a>.<\/p>\n<p>&nbsp;<\/p>\n<p>NOTE IMPORTANTE: Une liste rouge n&#8217;est PAS une liste d&#8217;objets vol\u00e9s. Les biens culturels pr\u00e9sent\u00e9s sont des objets inventori\u00e9s dans les collections d&#8217;institutions reconnues. Ils servent \u00e0 illustrer les cat\u00e9gories de biens culturels les plus vuln\u00e9rables au trafic illicite.<br \/>\nCertaines donn\u00e9es peuvent occasionnellement appara\u00eetre en anglais, dans le cas o\u00f9 la Liste rouge source ne serait pas encore disponible en fran\u00e7ais.<\/p>\n","protected":false},"excerpt":{"rendered":"<p>La base de donn\u00e9es recense l\u2019ensemble des cat\u00e9gories de biens culturels \u00e0 risque illustr\u00e9s dans les Listes rouges de l\u2019ICOM. Pour en savoir plus sur les Listes rouges, vous pouvez consulter notre page d\u00e9di\u00e9e. &nbsp; NOTE IMPORTANTE: Une liste rouge n&#8217;est PAS une liste d&#8217;objets vol\u00e9s. Les biens culturels pr\u00e9sent\u00e9s sont des objets inventori\u00e9s dans [&hellip;]<\/p>\n","protected":false},"author":1,"featured_media":0,"parent":9723,"menu_order":1,"comment_status":"closed","ping_status":"closed","template":"page-redlist.php","meta":{"inline_featured_image":false,"footnotes":""},"class_list":["post-7259","page","type-page","status-publish","hentry"],"acf":[],"yoast_head":"<!-- This site is optimized with the Yoast SEO plugin v23.7 - https:\/\/yoast.com\/wordpress\/plugins\/seo\/ -->\n<title>Base de donn\u00e9es des Listes Rouges - International Council of Museums<\/title>\n<meta name=\"robots\" content=\"index, follow, max-snippet:-1, max-image-preview:large, max-video-preview:-1\" \/>\n<link rel=\"canonical\" href=\"https:\/\/icom.museum\/fr\/ressources\/red-lists\/\" \/>\n<meta property=\"og:locale\" content=\"fr_FR\" \/>\n<meta property=\"og:type\" content=\"article\" \/>\n<meta property=\"og:title\" content=\"Base de donn\u00e9es des Listes Rouges - International Council of Museums\" \/>\n<meta property=\"og:description\" content=\"La base de donn\u00e9es recense l\u2019ensemble des cat\u00e9gories de biens culturels \u00e0 risque illustr\u00e9s dans les Listes rouges de l\u2019ICOM. Pour en savoir plus sur les Listes rouges, vous pouvez consulter notre page d\u00e9di\u00e9e. &nbsp; NOTE IMPORTANTE: Une liste rouge n&#8217;est PAS une liste d&#8217;objets vol\u00e9s. Les biens culturels pr\u00e9sent\u00e9s sont des objets inventori\u00e9s dans [&hellip;]\" \/>\n<meta property=\"og:url\" content=\"https:\/\/icom.museum\/fr\/ressources\/red-lists\/\" \/>\n<meta property=\"og:site_name\" content=\"International Council of Museums\" \/>\n<meta property=\"article:modified_time\" content=\"2019-03-14T14:29:50+00:00\" \/>\n<meta property=\"og:image\" content=\"https:\/\/icom.museum\/wp-content\/uploads\/2018\/07\/icon_resources_red-lists-1.png\" \/>\n<meta name=\"twitter:card\" content=\"summary_large_image\" \/>\n<meta name=\"twitter:label1\" content=\"Dur\u00e9e de lecture estim\u00e9e\" \/>\n\t<meta name=\"twitter:data1\" content=\"1 minute\" \/>\n<script type=\"application\/ld+json\" class=\"yoast-schema-graph\">{\"@context\":\"https:\/\/schema.org\",\"@graph\":[{\"@type\":\"WebPage\",\"@id\":\"https:\/\/icom.museum\/fr\/ressources\/red-lists\/\",\"url\":\"https:\/\/icom.museum\/fr\/ressources\/red-lists\/\",\"name\":\"Base de donn\u00e9es des Listes Rouges - International Council of Museums\",\"isPartOf\":{\"@id\":\"https:\/\/icom.museum\/en\/#website\"},\"datePublished\":\"2018-06-18T09:12:32+00:00\",\"dateModified\":\"2019-03-14T14:29:50+00:00\",\"breadcrumb\":{\"@id\":\"https:\/\/icom.museum\/fr\/ressources\/red-lists\/#breadcrumb\"},\"inLanguage\":\"fr-FR\",\"potentialAction\":[{\"@type\":\"ReadAction\",\"target\":[\"https:\/\/icom.museum\/fr\/ressources\/red-lists\/\"]}]},{\"@type\":\"BreadcrumbList\",\"@id\":\"https:\/\/icom.museum\/fr\/ressources\/red-lists\/#breadcrumb\",\"itemListElement\":[{\"@type\":\"ListItem\",\"position\":1,\"name\":\"Home\",\"item\":\"https:\/\/icom.museum\/fr\/\"},{\"@type\":\"ListItem\",\"position\":2,\"name\":\"Ressources\",\"item\":\"https:\/\/icom.museum\/fr\/ressources\/\"},{\"@type\":\"ListItem\",\"position\":3,\"name\":\"Base de donn\u00e9es des Listes Rouges\"}]},{\"@type\":\"WebSite\",\"@id\":\"https:\/\/icom.museum\/en\/#website\",\"url\":\"https:\/\/icom.museum\/en\/\",\"name\":\"International Council of Museums\",\"description\":\"A global organisation of museums &amp; museum professionals committed to the promotion and protection of cultural heritage\",\"publisher\":{\"@id\":\"https:\/\/icom.museum\/en\/#organization\"},\"potentialAction\":[{\"@type\":\"SearchAction\",\"target\":{\"@type\":\"EntryPoint\",\"urlTemplate\":\"https:\/\/icom.museum\/en\/?s={search_term_string}\"},\"query-input\":{\"@type\":\"PropertyValueSpecification\",\"valueRequired\":true,\"valueName\":\"search_term_string\"}}],\"inLanguage\":\"fr-FR\"},{\"@type\":\"Organization\",\"@id\":\"https:\/\/icom.museum\/en\/#organization\",\"name\":\"International Council of Museums\",\"url\":\"https:\/\/icom.museum\/en\/\",\"logo\":{\"@type\":\"ImageObject\",\"inLanguage\":\"fr-FR\",\"@id\":\"https:\/\/icom.museum\/en\/#\/schema\/logo\/image\/\",\"url\":\"https:\/\/icom.museum\/wp-content\/uploads\/2018\/07\/ICOM_M_.jpg\",\"contentUrl\":\"https:\/\/icom.museum\/wp-content\/uploads\/2018\/07\/ICOM_M_.jpg\",\"width\":1721,\"height\":1721,\"caption\":\"International Council of Museums\"},\"image\":{\"@id\":\"https:\/\/icom.museum\/en\/#\/schema\/logo\/image\/\"}}]}<\/script>\n<!-- \/ Yoast SEO plugin. -->","yoast_head_json":{"title":"Base de donn\u00e9es des Listes Rouges - International Council of Museums","robots":{"index":"index","follow":"follow","max-snippet":"max-snippet:-1","max-image-preview":"max-image-preview:large","max-video-preview":"max-video-preview:-1"},"canonical":"https:\/\/icom.museum\/fr\/ressources\/red-lists\/","og_locale":"fr_FR","og_type":"article","og_title":"Base de donn\u00e9es des Listes Rouges - International Council of Museums","og_description":"La base de donn\u00e9es recense l\u2019ensemble des cat\u00e9gories de biens culturels \u00e0 risque illustr\u00e9s dans les Listes rouges de l\u2019ICOM. Pour en savoir plus sur les Listes rouges, vous pouvez consulter notre page d\u00e9di\u00e9e. &nbsp; NOTE IMPORTANTE: Une liste rouge n&#8217;est PAS une liste d&#8217;objets vol\u00e9s. Les biens culturels pr\u00e9sent\u00e9s sont des objets inventori\u00e9s dans [&hellip;]","og_url":"https:\/\/icom.museum\/fr\/ressources\/red-lists\/","og_site_name":"International Council of Museums","article_modified_time":"2019-03-14T14:29:50+00:00","og_image":[{"url":"https:\/\/icom.museum\/wp-content\/uploads\/2018\/07\/icon_resources_red-lists-1.png"}],"twitter_card":"summary_large_image","twitter_misc":{"Dur\u00e9e de lecture estim\u00e9e":"1 minute"},"schema":{"@context":"https:\/\/schema.org","@graph":[{"@type":"WebPage","@id":"https:\/\/icom.museum\/fr\/ressources\/red-lists\/","url":"https:\/\/icom.museum\/fr\/ressources\/red-lists\/","name":"Base de donn\u00e9es des Listes Rouges - International Council of Museums","isPartOf":{"@id":"https:\/\/icom.museum\/en\/#website"},"datePublished":"2018-06-18T09:12:32+00:00","dateModified":"2019-03-14T14:29:50+00:00","breadcrumb":{"@id":"https:\/\/icom.museum\/fr\/ressources\/red-lists\/#breadcrumb"},"inLanguage":"fr-FR","potentialAction":[{"@type":"ReadAction","target":["https:\/\/icom.museum\/fr\/ressources\/red-lists\/"]}]},{"@type":"BreadcrumbList","@id":"https:\/\/icom.museum\/fr\/ressources\/red-lists\/#breadcrumb","itemListElement":[{"@type":"ListItem","position":1,"name":"Home","item":"https:\/\/icom.museum\/fr\/"},{"@type":"ListItem","position":2,"name":"Ressources","item":"https:\/\/icom.museum\/fr\/ressources\/"},{"@type":"ListItem","position":3,"name":"Base de donn\u00e9es des Listes Rouges"}]},{"@type":"WebSite","@id":"https:\/\/icom.museum\/en\/#website","url":"https:\/\/icom.museum\/en\/","name":"International Council of Museums","description":"A global organisation of museums &amp; museum professionals committed to the promotion and protection of cultural heritage","publisher":{"@id":"https:\/\/icom.museum\/en\/#organization"},"potentialAction":[{"@type":"SearchAction","target":{"@type":"EntryPoint","urlTemplate":"https:\/\/icom.museum\/en\/?s={search_term_string}"},"query-input":{"@type":"PropertyValueSpecification","valueRequired":true,"valueName":"search_term_string"}}],"inLanguage":"fr-FR"},{"@type":"Organization","@id":"https:\/\/icom.museum\/en\/#organization","name":"International Council of Museums","url":"https:\/\/icom.museum\/en\/","logo":{"@type":"ImageObject","inLanguage":"fr-FR","@id":"https:\/\/icom.museum\/en\/#\/schema\/logo\/image\/","url":"https:\/\/icom.museum\/wp-content\/uploads\/2018\/07\/ICOM_M_.jpg","contentUrl":"https:\/\/icom.museum\/wp-content\/uploads\/2018\/07\/ICOM_M_.jpg","width":1721,"height":1721,"caption":"International Council of Museums"},"image":{"@id":"https:\/\/icom.museum\/en\/#\/schema\/logo\/image\/"}}]}},"_links":{"self":[{"href":"https:\/\/icom.museum\/fr\/wp-json\/wp\/v2\/pages\/7259"}],"collection":[{"href":"https:\/\/icom.museum\/fr\/wp-json\/wp\/v2\/pages"}],"about":[{"href":"https:\/\/icom.museum\/fr\/wp-json\/wp\/v2\/types\/page"}],"author":[{"embeddable":true,"href":"https:\/\/icom.museum\/fr\/wp-json\/wp\/v2\/users\/1"}],"replies":[{"embeddable":true,"href":"https:\/\/icom.museum\/fr\/wp-json\/wp\/v2\/comments?post=7259"}],"version-history":[{"count":9,"href":"https:\/\/icom.museum\/fr\/wp-json\/wp\/v2\/pages\/7259\/revisions"}],"predecessor-version":[{"id":33204,"href":"https:\/\/icom.museum\/fr\/wp-json\/wp\/v2\/pages\/7259\/revisions\/33204"}],"up":[{"embeddable":true,"href":"https:\/\/icom.museum\/fr\/wp-json\/wp\/v2\/pages\/9723"}],"wp:attachment":[{"href":"https:\/\/icom.museum\/fr\/wp-json\/wp\/v2\/media?parent=7259"}],"curies":[{"name":"wp","href":"https:\/\/api.w.org\/{rel}","templated":true}]}}